{"id":1459,"date":"2025-08-29T18:36:20","date_gmt":"2025-08-29T15:36:20","guid":{"rendered":"https:\/\/aimgreenrcy.com\/markets\/"},"modified":"2025-11-11T22:02:47","modified_gmt":"2025-11-11T19:02:47","slug":"pazarlar","status":"publish","type":"page","link":"https:\/\/aimgreenrcy.com\/tr\/pazarlar\/","title":{"rendered":"Pazarlar"},"content":{"rendered":"\t\t<div data-elementor-type=\"wp-page\" data-elementor-id=\"1459\" class=\"elementor elementor-1459 elementor-560\" data-elementor-post-type=\"page\">\n\t\t\t\t<div class=\"elementor-element elementor-element-bd4dc2b e-con-full e-flex e-con e-parent\" data-id=\"bd4dc2b\" data-element_type=\"container\" data-settings=\"{&quot;background_background&quot;:&quot;classic&quot;}\">\n\t\t\t\t<div class=\"elementor-element elementor-element-d80cd5d lined-heading elementor-widget elementor-widget-heading\" data-id=\"d80cd5d\" data-element_type=\"widget\" data-widget_type=\"heading.default\">\n\t\t\t\t\t<h3 class=\"elementor-heading-title elementor-size-default\">Pazarlar<\/h3>\t\t\t\t<\/div>\n\t\t\t\t<div class=\"elementor-element elementor-element-3459dea elementor-widget elementor-widget-heading\" data-id=\"3459dea\" data-element_type=\"widget\" data-widget_type=\"heading.default\">\n\t\t\t\t\t<h2 class=\"elementor-heading-title elementor-size-default\">Sizin i\u00e7in ki\u015fiselle\u015ftirildi\n\n\n\n\n\n\n\n\n\n\n\n\n\n\n\n<\/h2>\t\t\t\t<\/div>\n\t\t\t\t<div class=\"elementor-element elementor-element-4be33d4 elementor-pagination-type-bullets elementor-arrows-position-inside elementor-pagination-position-outside elementor-widget elementor-widget-loop-carousel\" data-id=\"4be33d4\" data-element_type=\"widget\" data-settings=\"{&quot;template_id&quot;:358,&quot;image_spacing_custom&quot;:{&quot;unit&quot;:&quot;px&quot;,&quot;size&quot;:24,&quot;sizes&quot;:[]},&quot;offset_sides&quot;:&quot;right&quot;,&quot;offset_width&quot;:{&quot;unit&quot;:&quot;px&quot;,&quot;size&quot;:100,&quot;sizes&quot;:[]},&quot;offset_width_mobile&quot;:{&quot;unit&quot;:&quot;px&quot;,&quot;size&quot;:57,&quot;sizes&quot;:[]},&quot;_skin&quot;:&quot;post&quot;,&quot;slides_to_show&quot;:&quot;3&quot;,&quot;slides_to_show_laptop&quot;:&quot;3&quot;,&quot;slides_to_show_tablet&quot;:&quot;2&quot;,&quot;slides_to_show_mobile&quot;:&quot;1&quot;,&quot;slides_to_scroll&quot;:&quot;1&quot;,&quot;edit_handle_selector&quot;:&quot;.elementor-loop-container&quot;,&quot;autoplay&quot;:&quot;yes&quot;,&quot;autoplay_speed&quot;:5000,&quot;pause_on_hover&quot;:&quot;yes&quot;,&quot;pause_on_interaction&quot;:&quot;yes&quot;,&quot;infinite&quot;:&quot;yes&quot;,&quot;speed&quot;:500,&quot;offset_width_laptop&quot;:{&quot;unit&quot;:&quot;px&quot;,&quot;size&quot;:&quot;&quot;,&quot;sizes&quot;:[]},&quot;offset_width_tablet&quot;:{&quot;unit&quot;:&quot;px&quot;,&quot;size&quot;:&quot;&quot;,&quot;sizes&quot;:[]},&quot;arrows&quot;:&quot;yes&quot;,&quot;pagination&quot;:&quot;bullets&quot;,&quot;image_spacing_custom_laptop&quot;:{&quot;unit&quot;:&quot;px&quot;,&quot;size&quot;:&quot;&quot;,&quot;sizes&quot;:[]},&quot;image_spacing_custom_tablet&quot;:{&quot;unit&quot;:&quot;px&quot;,&quot;size&quot;:&quot;&quot;,&quot;sizes&quot;:[]},&quot;image_spacing_custom_mobile&quot;:{&quot;unit&quot;:&quot;px&quot;,&quot;size&quot;:&quot;&quot;,&quot;sizes&quot;:[]}}\" data-widget_type=\"loop-carousel.post\">\n\t\t\t\t\t\t\t<div class=\"swiper elementor-loop-container elementor-grid\" role=\"list\" dir=\"ltr\">\n\t\t\t\t<div class=\"swiper-wrapper\" aria-live=\"off\">\n\t\t<style id=\"loop-358\">.elementor-358 .elementor-element.elementor-element-4462bff{--display:flex;--border-radius:24px 24px 24px 24px;--padding-top:24px;--padding-bottom:24px;--padding-left:24px;--padding-right:24px;}.elementor-358 .elementor-element.elementor-element-4462bff:not(.elementor-motion-effects-element-type-background), .elementor-358 .elementor-element.elementor-element-4462bff > .elementor-motion-effects-container > .elementor-motion-effects-layer{background-color:var( --e-global-color-text );}.elementor-358 .elementor-element.elementor-element-e3ddc0c .elementor-heading-title{font-family:\"InstrumentSans\", Sans-serif;font-size:26px;font-weight:500;line-height:1.2em;letter-spacing:-0.025em;color:var( --e-global-color-6dae9bc );}.elementor-358 .elementor-element.elementor-element-a20c6d2{--divider-border-style:solid;--divider-color:var( --e-global-color-6dae9bc );--divider-border-width:1px;}.elementor-358 .elementor-element.elementor-element-a20c6d2 .elementor-divider-separator{width:100%;}.elementor-358 .elementor-element.elementor-element-a20c6d2 .elementor-divider{padding-block-start:24px;padding-block-end:24px;}.elementor-358 .elementor-element.elementor-element-d89aa53{color:var( --e-global-color-6dae9bc );font-family:var( --e-global-typography-71642d5-font-family ), Sans-serif;font-size:var( --e-global-typography-71642d5-font-size );font-weight:var( --e-global-typography-71642d5-font-weight );line-height:var( --e-global-typography-71642d5-line-height );letter-spacing:var( --e-global-typography-71642d5-letter-spacing );}@media(max-width:1440px){.elementor-358 .elementor-element.elementor-element-d89aa53{font-size:var( --e-global-typography-71642d5-font-size );line-height:var( --e-global-typography-71642d5-line-height );letter-spacing:var( --e-global-typography-71642d5-letter-spacing );}}@media(max-width:1024px){.elementor-358 .elementor-element.elementor-element-a20c6d2 .elementor-divider{padding-block-start:12px;padding-block-end:12px;}.elementor-358 .elementor-element.elementor-element-d89aa53{font-size:var( --e-global-typography-71642d5-font-size );line-height:var( --e-global-typography-71642d5-line-height );letter-spacing:var( --e-global-typography-71642d5-letter-spacing );}}@media(max-width:767px){.elementor-358 .elementor-element.elementor-element-4462bff{--padding-top:16px;--padding-bottom:16px;--padding-left:16px;--padding-right:16px;}.elementor-358 .elementor-element.elementor-element-d89aa53{font-size:var( --e-global-typography-71642d5-font-size );line-height:var( --e-global-typography-71642d5-line-height );letter-spacing:var( --e-global-typography-71642d5-letter-spacing );}}<\/style>\t\t<div data-elementor-type=\"loop-item\" data-elementor-id=\"358\" class=\"elementor elementor-358 swiper-slide e-loop-item e-loop-item-1406 post-1406 markets type-markets status-publish hentry\" data-elementor-post-type=\"elementor_library\" role=\"group\" aria-roledescription=\"slide\" data-custom-edit-handle=\"1\">\n\t\t\t<div class=\"elementor-element elementor-element-4462bff e-flex e-con-boxed e-con e-parent\" data-id=\"4462bff\" data-element_type=\"container\" data-settings=\"{&quot;background_background&quot;:&quot;classic&quot;}\">\n\t\t\t\t\t<div class=\"e-con-inner\">\n\t\t\t\t<div class=\"elementor-element elementor-element-e3ddc0c elementor-widget elementor-widget-theme-post-title elementor-page-title elementor-widget-heading\" data-id=\"e3ddc0c\" data-element_type=\"widget\" data-widget_type=\"theme-post-title.default\">\n\t\t\t\t\t<h3 class=\"elementor-heading-title elementor-size-default\">Otomotiv &#038; havac\u0131l\u0131k<\/h3>\t\t\t\t<\/div>\n\t\t\t\t<div class=\"elementor-element elementor-element-a20c6d2 elementor-widget-divider--view-line elementor-widget elementor-widget-divider\" data-id=\"a20c6d2\" data-element_type=\"widget\" data-widget_type=\"divider.default\">\n\t\t\t\t\t\t\t<div class=\"elementor-divider\">\n\t\t\t<span class=\"elementor-divider-separator\">\n\t\t\t\t\t\t<\/span>\n\t\t<\/div>\n\t\t\t\t\t\t<\/div>\n\t\t\t\t<div class=\"elementor-element elementor-element-d89aa53 elementor-widget elementor-widget-theme-post-content\" data-id=\"d89aa53\" data-element_type=\"widget\" data-widget_type=\"theme-post-content.default\">\n\t\t\t\t\t<p>Katalitik konvert\u00f6r sens\u00f6rlerinden ve di\u011fer bile\u015fenlerden PGM&#8217;leri geri kazan\u0131yoruz.<\/p>\n<p>Kapal\u0131 devre sistemler, yeni hammadde ihtiyac\u0131n\u0131 en aza indirir.<\/p>\n<p>\u00c7\u00f6z\u00fcmlerimiz s\u00fcrd\u00fcr\u00fclebilirli\u011fi te\u015fvik eder ve emisyon ve verimlilik d\u00fczenlemelerine uyumu sa\u011flar.<\/p>\n\t\t\t\t<\/div>\n\t\t\t\t\t<\/div>\n\t\t\t\t<\/div>\n\t\t\t\t<\/div>\n\t\t\t\t<div data-elementor-type=\"loop-item\" data-elementor-id=\"358\" class=\"elementor elementor-358 swiper-slide e-loop-item e-loop-item-1405 post-1405 markets type-markets status-publish hentry\" data-elementor-post-type=\"elementor_library\" role=\"group\" aria-roledescription=\"slide\" data-custom-edit-handle=\"1\">\n\t\t\t<div class=\"elementor-element elementor-element-4462bff e-flex e-con-boxed e-con e-parent\" data-id=\"4462bff\" data-element_type=\"container\" data-settings=\"{&quot;background_background&quot;:&quot;classic&quot;}\">\n\t\t\t\t\t<div class=\"e-con-inner\">\n\t\t\t\t<div class=\"elementor-element elementor-element-e3ddc0c elementor-widget elementor-widget-theme-post-title elementor-page-title elementor-widget-heading\" data-id=\"e3ddc0c\" data-element_type=\"widget\" data-widget_type=\"theme-post-title.default\">\n\t\t\t\t\t<h3 class=\"elementor-heading-title elementor-size-default\">Tar\u0131m kimyasallar\u0131 &#038; g\u00fcbreler<\/h3>\t\t\t\t<\/div>\n\t\t\t\t<div class=\"elementor-element elementor-element-a20c6d2 elementor-widget-divider--view-line elementor-widget elementor-widget-divider\" data-id=\"a20c6d2\" data-element_type=\"widget\" data-widget_type=\"divider.default\">\n\t\t\t\t\t\t\t<div class=\"elementor-divider\">\n\t\t\t<span class=\"elementor-divider-separator\">\n\t\t\t\t\t\t<\/span>\n\t\t<\/div>\n\t\t\t\t\t\t<\/div>\n\t\t\t\t<div class=\"elementor-element elementor-element-d89aa53 elementor-widget elementor-widget-theme-post-content\" data-id=\"d89aa53\" data-element_type=\"widget\" data-widget_type=\"theme-post-content.default\">\n\t\t\t\t\t<p>G\u00fcbre \u00fcretiminde ve katalitik i\u015flemlerde kullan\u0131lan PGM&#8217;leri \u00e7\u0131kar\u0131yoruz.<\/p>\n<p>Verimli geri d\u00f6n\u00fc\u015f\u00fcm, at\u0131k ve i\u015fletme maliyetlerinin azalt\u0131lmas\u0131na yard\u0131mc\u0131 olur.<\/p>\n<p>Yakla\u015f\u0131m\u0131m\u0131z, \u00e7evre uyumlulu\u011fu ve s\u00fcrd\u00fcr\u00fclebilirlik hedeflerini destekler.<\/p>\n\t\t\t\t<\/div>\n\t\t\t\t\t<\/div>\n\t\t\t\t<\/div>\n\t\t\t\t<\/div>\n\t\t\t\t<div data-elementor-type=\"loop-item\" data-elementor-id=\"358\" class=\"elementor elementor-358 swiper-slide e-loop-item e-loop-item-1404 post-1404 markets type-markets status-publish hentry\" data-elementor-post-type=\"elementor_library\" role=\"group\" aria-roledescription=\"slide\" data-custom-edit-handle=\"1\">\n\t\t\t<div class=\"elementor-element elementor-element-4462bff e-flex e-con-boxed e-con e-parent\" data-id=\"4462bff\" data-element_type=\"container\" data-settings=\"{&quot;background_background&quot;:&quot;classic&quot;}\">\n\t\t\t\t\t<div class=\"e-con-inner\">\n\t\t\t\t<div class=\"elementor-element elementor-element-e3ddc0c elementor-widget elementor-widget-theme-post-title elementor-page-title elementor-widget-heading\" data-id=\"e3ddc0c\" data-element_type=\"widget\" data-widget_type=\"theme-post-title.default\">\n\t\t\t\t\t<h3 class=\"elementor-heading-title elementor-size-default\">Enerji &#038; hidrojen<\/h3>\t\t\t\t<\/div>\n\t\t\t\t<div class=\"elementor-element elementor-element-a20c6d2 elementor-widget-divider--view-line elementor-widget elementor-widget-divider\" data-id=\"a20c6d2\" data-element_type=\"widget\" data-widget_type=\"divider.default\">\n\t\t\t\t\t\t\t<div class=\"elementor-divider\">\n\t\t\t<span class=\"elementor-divider-separator\">\n\t\t\t\t\t\t<\/span>\n\t\t<\/div>\n\t\t\t\t\t\t<\/div>\n\t\t\t\t<div class=\"elementor-element elementor-element-d89aa53 elementor-widget elementor-widget-theme-post-content\" data-id=\"d89aa53\" data-element_type=\"widget\" data-widget_type=\"theme-post-content.default\">\n\t\t\t\t\t<p>Temiz enerji \u00e7\u00f6z\u00fcmlerini destekleyen yak\u0131t h\u00fccrelerinden ve elektroliz\u00f6rlerden PGM&#8217;leri geri kazan\u0131yoruz.<\/p>\n<p>Kapal\u0131 d\u00f6ng\u00fc geri d\u00f6n\u00fc\u015f\u00fcm, yeni \u00e7\u0131kar\u0131lan kaynaklara olan ba\u011f\u0131ml\u0131l\u0131\u011f\u0131 azalt\u0131r.<\/p>\n<p>Y\u00f6ntemlerimiz operasyonel verimlili\u011fi art\u0131r\u0131r ve s\u00fcrd\u00fcr\u00fclebilirlik hedeflerini ilerletir.<\/p>\n\t\t\t\t<\/div>\n\t\t\t\t\t<\/div>\n\t\t\t\t<\/div>\n\t\t\t\t<\/div>\n\t\t\t\t<div data-elementor-type=\"loop-item\" data-elementor-id=\"358\" class=\"elementor elementor-358 swiper-slide e-loop-item e-loop-item-1403 post-1403 markets type-markets status-publish hentry\" data-elementor-post-type=\"elementor_library\" role=\"group\" aria-roledescription=\"slide\" data-custom-edit-handle=\"1\">\n\t\t\t<div class=\"elementor-element elementor-element-4462bff e-flex e-con-boxed e-con e-parent\" data-id=\"4462bff\" data-element_type=\"container\" data-settings=\"{&quot;background_background&quot;:&quot;classic&quot;}\">\n\t\t\t\t\t<div class=\"e-con-inner\">\n\t\t\t\t<div class=\"elementor-element elementor-element-e3ddc0c elementor-widget elementor-widget-theme-post-title elementor-page-title elementor-widget-heading\" data-id=\"e3ddc0c\" data-element_type=\"widget\" data-widget_type=\"theme-post-title.default\">\n\t\t\t\t\t<h3 class=\"elementor-heading-title elementor-size-default\">T\u0131p &#038; ila\u00e7 sanayi<\/h3>\t\t\t\t<\/div>\n\t\t\t\t<div class=\"elementor-element elementor-element-a20c6d2 elementor-widget-divider--view-line elementor-widget elementor-widget-divider\" data-id=\"a20c6d2\" data-element_type=\"widget\" data-widget_type=\"divider.default\">\n\t\t\t\t\t\t\t<div class=\"elementor-divider\">\n\t\t\t<span class=\"elementor-divider-separator\">\n\t\t\t\t\t\t<\/span>\n\t\t<\/div>\n\t\t\t\t\t\t<\/div>\n\t\t\t\t<div class=\"elementor-element elementor-element-d89aa53 elementor-widget elementor-widget-theme-post-content\" data-id=\"d89aa53\" data-element_type=\"widget\" data-widget_type=\"theme-post-content.default\">\n\t\t\t\t\t<p>Kataliz\u00f6rlerden, filtre keklerinden, s\u0131v\u0131lardan ve daha fazlas\u0131ndan platin grubu metallerin (PGM) geri kazan\u0131m\u0131n\u0131 en \u00fcst d\u00fczeye \u00e7\u0131kar\u0131yoruz.<\/p>\n<p>Safl\u0131k ve kaliteyi sa\u011flamak i\u00e7in iste\u011fe ba\u011fl\u0131 olarak \u00fc\u00e7\u00fcnc\u00fc taraf do\u011frulama hizmeti sunulmaktad\u0131r.<\/p>\n<p>\u00d6l\u00e7eklenebilir s\u00fcre\u00e7lerimiz, titiz end\u00fcstri standartlar\u0131n\u0131 kar\u015f\u0131lamaktad\u0131r.<\/p>\n\t\t\t\t<\/div>\n\t\t\t\t\t<\/div>\n\t\t\t\t<\/div>\n\t\t\t\t<\/div>\n\t\t\t\t<div data-elementor-type=\"loop-item\" data-elementor-id=\"358\" class=\"elementor elementor-358 swiper-slide e-loop-item e-loop-item-1402 post-1402 markets type-markets status-publish hentry\" data-elementor-post-type=\"elementor_library\" role=\"group\" aria-roledescription=\"slide\" data-custom-edit-handle=\"1\">\n\t\t\t<div class=\"elementor-element elementor-element-4462bff e-flex e-con-boxed e-con e-parent\" data-id=\"4462bff\" data-element_type=\"container\" data-settings=\"{&quot;background_background&quot;:&quot;classic&quot;}\">\n\t\t\t\t\t<div class=\"e-con-inner\">\n\t\t\t\t<div class=\"elementor-element elementor-element-e3ddc0c elementor-widget elementor-widget-theme-post-title elementor-page-title elementor-widget-heading\" data-id=\"e3ddc0c\" data-element_type=\"widget\" data-widget_type=\"theme-post-title.default\">\n\t\t\t\t\t<h3 class=\"elementor-heading-title elementor-size-default\">Kimyasal &#038; klor-alkali<\/h3>\t\t\t\t<\/div>\n\t\t\t\t<div class=\"elementor-element elementor-element-a20c6d2 elementor-widget-divider--view-line elementor-widget elementor-widget-divider\" data-id=\"a20c6d2\" data-element_type=\"widget\" data-widget_type=\"divider.default\">\n\t\t\t\t\t\t\t<div class=\"elementor-divider\">\n\t\t\t<span class=\"elementor-divider-separator\">\n\t\t\t\t\t\t<\/span>\n\t\t<\/div>\n\t\t\t\t\t\t<\/div>\n\t\t\t\t<div class=\"elementor-element elementor-element-d89aa53 elementor-widget elementor-widget-theme-post-content\" data-id=\"d89aa53\" data-element_type=\"widget\" data-widget_type=\"theme-post-content.default\">\n\t\t\t\t\t<p>Ekipman\u0131n\u0131z\u0131n \u00f6mr\u00fcn\u00fc uzatmak i\u00e7in kimyasal madde kullanmadan de\u011ferli metal kapl\u0131 anotlar\u0131 geri kazan\u0131yoruz.<\/p>\n<p>Kaplamalar, yeniden kullan\u0131m olas\u0131l\u0131\u011f\u0131 i\u00e7in zarar g\u00f6rmeden \u00e7\u0131kar\u0131l\u0131r ve b\u00f6ylece de\u011fi\u015ftirme maliyetlerinin azalt\u0131lmas\u0131na yard\u0131mc\u0131 olur.<\/p>\n<p>T\u00fcm s\u00fcre\u00e7ler s\u0131k\u0131 \u00e7evre standartlar\u0131na uygundur.<\/p>\n\t\t\t\t<\/div>\n\t\t\t\t\t<\/div>\n\t\t\t\t<\/div>\n\t\t\t\t<\/div>\n\t\t\t\t<\/div>\n\t\t<\/div>\n\t\t\t\t\t<div class=\"elementor-swiper-button elementor-swiper-button-prev\" role=\"button\" tabindex=\"0\" aria-label=\"Previous\">\n\t\t\t\t<svg aria-hidden=\"true\" class=\"e-font-icon-svg e-eicon-chevron-left\" viewBox=\"0 0 1000 1000\" xmlns=\"http:\/\/www.w3.org\/2000\/svg\"><path d=\"M646 125C629 125 613 133 604 142L308 442C296 454 292 471 292 487 292 504 296 521 308 533L604 854C617 867 629 875 646 875 663 875 679 871 692 858 704 846 713 829 713 812 713 796 708 779 692 767L438 487 692 225C700 217 708 204 708 187 708 171 704 154 692 142 675 129 663 125 646 125Z\"><\/path><\/svg>\t\t\t<\/div>\n\t\t\t<div class=\"elementor-swiper-button elementor-swiper-button-next\" role=\"button\" tabindex=\"0\" aria-label=\"Next\">\n\t\t\t\t<svg aria-hidden=\"true\" class=\"e-font-icon-svg e-eicon-chevron-right\" viewBox=\"0 0 1000 1000\" xmlns=\"http:\/\/www.w3.org\/2000\/svg\"><path d=\"M696 533C708 521 713 504 713 487 713 471 708 454 696 446L400 146C388 133 375 125 354 125 338 125 325 129 313 142 300 154 292 171 292 187 292 204 296 221 308 233L563 492 304 771C292 783 288 800 288 817 288 833 296 850 308 863 321 871 338 875 354 875 371 875 388 867 400 854L696 533Z\"><\/path><\/svg>\t\t\t<\/div>\n\t\t\t\t\t<div class=\"swiper-pagination\"><\/div>\n\t\t\t\t\t\t<\/div>\n\t\t\t\t<\/div>\n\t\t<div class=\"elementor-element elementor-element-3bc065d e-flex e-con-boxed e-con e-parent\" data-id=\"3bc065d\" data-element_type=\"container\" data-settings=\"{&quot;background_background&quot;:&quot;classic&quot;}\">\n\t\t\t\t\t<div class=\"e-con-inner\">\n\t\t\t\t<div class=\"elementor-element elementor-element-b8dbfc0 elementor-widget elementor-widget-heading\" data-id=\"b8dbfc0\" data-element_type=\"widget\" data-widget_type=\"heading.default\">\n\t\t\t\t\t<h2 class=\"elementor-heading-title elementor-size-default\">Hemen Ba\u015flay\u0131n\n<\/h2>\t\t\t\t<\/div>\n\t\t\t\t<div class=\"elementor-element elementor-element-d3f772a elementor-widget__width-initial elementor-widget elementor-widget-heading\" data-id=\"d3f772a\" data-element_type=\"widget\" data-widget_type=\"heading.default\">\n\t\t\t\t\t<p class=\"elementor-heading-title elementor-size-default\">Mevcut faaliyetlerinizle ilgili rehberli\u011fe mi ihtiyac\u0131n\u0131z var? Sizinle birlikte se\u00e7eneklerinizi ke\u015ffetmeye ve s\u00fcrd\u00fcr\u00fclebilirli\u011fi stratejik bir avantaja d\u00f6n\u00fc\u015ft\u00fcrmeye haz\u0131r\u0131z.\n\n<\/p>\t\t\t\t<\/div>\n\t\t<div class=\"elementor-element elementor-element-de34196 e-con-full e-flex e-con e-child\" data-id=\"de34196\" data-element_type=\"container\">\n\t\t\t\t<div class=\"elementor-element elementor-element-f6b2a1f elementor-widget elementor-widget-button\" data-id=\"f6b2a1f\" data-element_type=\"widget\" data-widget_type=\"button.default\">\n\t\t\t\t\t\t\t\t\t\t<a class=\"elementor-button elementor-button-link elementor-size-sm\" href=\"https:\/\/aimgreenrcy.com\/tr\/iletisim\/\">\n\t\t\t\t\t\t<span class=\"elementor-button-content-wrapper\">\n\t\t\t\t\t\t\t\t\t<span class=\"elementor-button-text\">Bize ula\u015f\u0131n<\/span>\n\t\t\t\t\t<\/span>\n\t\t\t\t\t<\/a>\n\t\t\t\t\t\t\t\t<\/div>\n\t\t\t\t<div class=\"elementor-element elementor-element-452aeed elementor-widget elementor-widget-button\" data-id=\"452aeed\" data-element_type=\"widget\" data-widget_type=\"button.default\">\n\t\t\t\t\t\t\t\t\t\t<a class=\"elementor-button elementor-button-link elementor-size-sm\" href=\"https:\/\/aimgreenrcy.com\/tr\/icerik-analizi\/\">\n\t\t\t\t\t\t<span class=\"elementor-button-content-wrapper\">\n\t\t\t\t\t\t<span class=\"elementor-button-icon\">\n\t\t\t\t<svg aria-hidden=\"true\" class=\"e-font-icon-svg e-fas-long-arrow-alt-right\" viewBox=\"0 0 448 512\" xmlns=\"http:\/\/www.w3.org\/2000\/svg\"><path d=\"M313.941 216H12c-6.627 0-12 5.373-12 12v56c0 6.627 5.373 12 12 12h301.941v46.059c0 21.382 25.851 32.09 40.971 16.971l86.059-86.059c9.373-9.373 9.373-24.569 0-33.941l-86.059-86.059c-15.119-15.119-40.971-4.411-40.971 16.971V216z\"><\/path><\/svg>\t\t\t<\/span>\n\t\t\t\t\t\t\t\t\t<span class=\"elementor-button-text\">\u0130\u00e7erik Analizi Talebi<\/span>\n\t\t\t\t\t<\/span>\n\t\t\t\t\t<\/a>\n\t\t\t\t\t\t\t\t<\/div>\n\t\t\t\t<\/div>\n\t\t\t\t\t<\/div>\n\t\t\t\t<\/div>\n\t\t\t\t<\/div>\n\t\t","protected":false},"excerpt":{"rendered":"<p>Pazarlar Sizin i\u00e7in ki\u015fiselle\u015ftirildi Hemen Ba\u015flay\u0131n Mevcut faaliyetlerinizle ilgili rehberli\u011fe mi ihtiyac\u0131n\u0131z var? Sizinle birlikte se\u00e7eneklerinizi ke\u015ffetmeye ve s\u00fcrd\u00fcr\u00fclebilirli\u011fi stratejik bir avantaja d\u00f6n\u00fc\u015ft\u00fcrmeye haz\u0131r\u0131z. Bize ula\u015f\u0131n \u0130\u00e7erik Analizi Talebi<\/p>\n","protected":false},"author":1,"featured_media":0,"parent":0,"menu_order":2,"comment_status":"closed","ping_status":"closed","template":"","meta":{"footnotes":""},"class_list":["post-1459","page","type-page","status-publish","hentry"],"_links":{"self":[{"href":"https:\/\/aimgreenrcy.com\/tr\/wp-json\/wp\/v2\/pages\/1459","targetHints":{"allow":["GET"]}}],"collection":[{"href":"https:\/\/aimgreenrcy.com\/tr\/wp-json\/wp\/v2\/pages"}],"about":[{"href":"https:\/\/aimgreenrcy.com\/tr\/wp-json\/wp\/v2\/types\/page"}],"author":[{"embeddable":true,"href":"https:\/\/aimgreenrcy.com\/tr\/wp-json\/wp\/v2\/users\/1"}],"replies":[{"embeddable":true,"href":"https:\/\/aimgreenrcy.com\/tr\/wp-json\/wp\/v2\/comments?post=1459"}],"version-history":[{"count":4,"href":"https:\/\/aimgreenrcy.com\/tr\/wp-json\/wp\/v2\/pages\/1459\/revisions"}],"predecessor-version":[{"id":1463,"href":"https:\/\/aimgreenrcy.com\/tr\/wp-json\/wp\/v2\/pages\/1459\/revisions\/1463"}],"wp:attachment":[{"href":"https:\/\/aimgreenrcy.com\/tr\/wp-json\/wp\/v2\/media?parent=1459"}],"curies":[{"name":"wp","href":"https:\/\/api.w.org\/{rel}","templated":true}]}}